{"id":1548,"date":"2024-07-25T15:49:23","date_gmt":"2024-07-25T13:49:23","guid":{"rendered":"https:\/\/amafi.dev39.fr\/the-board\/"},"modified":"2025-07-22T10:41:35","modified_gmt":"2025-07-22T08:41:35","slug":"the-board","status":"publish","type":"page","link":"https:\/\/www.amafi.fr\/en\/the-board\/","title":{"rendered":"The Board"},"content":{"rendered":"\n<div class=\"wp-block-group triangle-top-bottom green has-base-background-color has-background is-layout-constrained wp-block-group-is-layout-constrained\" style=\"margin-bottom:var(--wp--preset--spacing--spacing-7);padding-top:var(--wp--preset--spacing--spacing-5);padding-bottom:var(--wp--preset--spacing--spacing-5)\">\n<p class=\"has-medium-font-size\"><strong>The Board guides AMAFI\u2019s work and activities. The Association\u2019s decision-making body, it is made up of member representatives elected by the Annual General Meeting for a three-year term. The Board chooses a Chairman from among its members.<\/strong><\/p>\n\n\n\n<p><\/p>\n\n\n\n<div class=\"wp-block-group is-nowrap is-layout-flex wp-container-core-group-is-layout-6c531013 wp-block-group-is-layout-flex\">\n<div class=\"wp-block-columns w-100 is-layout-flex wp-container-core-columns-is-layout-28f84493 wp-block-columns-is-layout-flex\">\n<div class=\"wp-block-column is-layout-flow wp-block-column-is-layout-flow\" style=\"flex-basis:25%\">\n<div class=\"wp-block-group is-layout-constrained wp-block-group-is-layout-constrained\">\n<p class=\"m-0 w-fit has-background has-medium-font-size\" style=\"background-color:#82ccfa70;padding-top:var(--wp--preset--spacing--spacing-1);padding-right:var(--wp--preset--spacing--spacing-1);padding-bottom:var(--wp--preset--spacing--spacing-1);padding-left:var(--wp--preset--spacing--spacing-1);text-transform:uppercase\"><strong>Chairman<\/strong><\/p>\n\n\n\n<p class=\"m-0 has-medium-font-size\"><strong>St\u00e9phane Giordano<\/strong><\/p>\n\n\n\n<p class=\"m-0\">SOCI\u00c9T\u00c9 G\u00c9N\u00c9RALE GBIS<\/p>\n<\/div>\n\n\n\n<div class=\"wp-block-group is-layout-constrained wp-block-group-is-layout-constrained\">\n<p class=\"m-0 w-fit has-background has-medium-font-size\" style=\"background-color:#82ccfa70;padding-top:var(--wp--preset--spacing--spacing-1);padding-right:var(--wp--preset--spacing--spacing-1);padding-bottom:var(--wp--preset--spacing--spacing-1);padding-left:var(--wp--preset--spacing--spacing-1);text-transform:uppercase\"><strong>Vice-Chairman<\/strong><\/p>\n\n\n\n<p class=\"m-0 has-medium-font-size\"><strong>Jean-Bernard Laumet<\/strong><\/p>\n\n\n\n<p class=\"m-0\" style=\"text-transform:uppercase\">Expert<\/p>\n<\/div>\n\n\n\n<div class=\"wp-block-group is-layout-constrained wp-block-group-is-layout-constrained\">\n<p class=\"m-0 w-fit has-background has-medium-font-size\" style=\"background-color:#82ccfa70;padding-top:var(--wp--preset--spacing--spacing-1);padding-right:var(--wp--preset--spacing--spacing-1);padding-bottom:var(--wp--preset--spacing--spacing-1);padding-left:var(--wp--preset--spacing--spacing-1);text-transform:uppercase\"><strong>Vice-Chairman<\/strong><\/p>\n\n\n\n<p class=\"m-0 has-medium-font-size\"><strong>Vincent Remay<\/strong><\/p>\n\n\n\n<p class=\"m-0\">TRADITION SECURITIES AND FUTURES<\/p>\n<\/div>\n\n\n\n<div class=\"wp-block-group is-layout-constrained wp-block-group-is-layout-constrained\">\n<p class=\"m-0 w-fit has-background has-medium-font-size\" style=\"background-color:#82ccfa70;padding-top:var(--wp--preset--spacing--spacing-1);padding-right:var(--wp--preset--spacing--spacing-1);padding-bottom:var(--wp--preset--spacing--spacing-1);padding-left:var(--wp--preset--spacing--spacing-1);text-transform:uppercase\"><strong>Treasurer<\/strong><\/p>\n\n\n\n<p class=\"m-0 has-medium-font-size\"><strong>Arnaud de Bourrousse<\/strong><\/p>\n\n\n\n<p class=\"m-0\">OCTO FINANCES SA<\/p>\n<\/div>\n<\/div>\n\n\n\n<div class=\"wp-block-column is-layout-flow wp-block-column-is-layout-flow\" style=\"flex-basis:25%\">\n<div class=\"wp-block-group is-layout-constrained wp-block-group-is-layout-constrained\">\n<p class=\"m-0 w-fit has-background has-medium-font-size\" style=\"background-color:#82ccfa70;padding-top:var(--wp--preset--spacing--spacing-1);padding-right:var(--wp--preset--spacing--spacing-1);padding-bottom:var(--wp--preset--spacing--spacing-1);padding-left:var(--wp--preset--spacing--spacing-1)\"><strong>ADVISER<\/strong><\/p>\n\n\n\n<p class=\"m-0 has-medium-font-size\"><strong>Vincent Le Sann<\/strong><\/p>\n\n\n\n<p class=\"m-0\">PORTZAMPARC SA<\/p>\n<\/div>\n\n\n\n<div class=\"wp-block-group is-layout-constrained wp-block-group-is-layout-constrained\">\n<p class=\"m-0 has-medium-font-size\"><strong>Delphine d&#8217;Amarzit<\/strong><\/p>\n\n\n\n<p class=\"m-0\">EURONEXT PARIS<\/p>\n<\/div>\n\n\n\n<div class=\"wp-block-group is-layout-constrained wp-block-group-is-layout-constrained\">\n<p class=\"m-0 has-medium-font-size\"><strong>Guillaume Angu\u00e9<\/strong><\/p>\n\n\n\n<p class=\"m-0\">CIC MARKET SOLUTIONS<\/p>\n<\/div>\n\n\n\n<div class=\"wp-block-group is-layout-constrained wp-block-group-is-layout-constrained\">\n<p class=\"m-0 has-medium-font-size\"><strong>Sophie Asselot<\/strong><\/p>\n\n\n\n<p class=\"m-0\">NATIXIS<\/p>\n<\/div>\n<\/div>\n\n\n\n<div class=\"wp-block-column is-layout-flow wp-block-column-is-layout-flow\" style=\"flex-basis:25%\">\n<div class=\"wp-block-group is-layout-constrained wp-block-group-is-layout-constrained\">\n<p class=\"m-0 has-medium-font-size\"><strong>Etienne Barel<\/strong><\/p>\n\n\n\n<p class=\"m-0\">F\u00c9D\u00c9RATION BANCAIRE FRAN\u00c7AISE<\/p>\n<\/div>\n\n\n\n<div class=\"wp-block-group is-layout-constrained wp-block-group-is-layout-constrained\">\n<p class=\"m-0 has-medium-font-size\"><strong>Patricia Bogard<\/strong><\/p>\n\n\n\n<p class=\"m-0\">CR\u00c9DIT AGRICOLE CIB<\/p>\n<\/div>\n\n\n\n<div class=\"wp-block-group is-layout-constrained wp-block-group-is-layout-constrained\">\n<h2 class=\"wp-block-heading m-0 has-medium-font-size\"><strong>Francis Canard<\/strong><\/h2>\n\n\n\n<p class=\"m-0\">KEPLER CHEUVREUX SA<\/p>\n\n\n\n<h4 class=\"wp-block-heading\"><strong>Henri Casadesus<\/strong><\/h4>\n\n\n\n<p>MORGAN STANLEY EUROPE SE, succursale de Paris<\/p>\n<\/div>\n\n\n\n<div class=\"wp-block-group is-layout-constrained wp-block-group-is-layout-constrained\">\n<p class=\"m-0 has-medium-font-size\"><strong>Thierry Cazaux<\/strong><\/p>\n\n\n\n<p class=\"m-0\">AUREL BGC<\/p>\n<\/div>\n<\/div>\n\n\n\n<div class=\"wp-block-column is-layout-flow wp-block-column-is-layout-flow\" style=\"flex-basis:25%\">\n<div class=\"wp-block-group is-layout-constrained wp-block-group-is-layout-constrained\">\n<p class=\"m-0 has-medium-font-size\"><strong>Gr\u00e9gory Jette<\/strong><\/p>\n\n\n\n<p class=\"m-0\">ROTHSCHILD  CO<\/p>\n<\/div>\n\n\n\n<div class=\"wp-block-group is-layout-constrained wp-block-group-is-layout-constrained\">\n<p class=\"m-0 has-medium-font-size\"><strong>Isabelle Paresys<\/strong><\/p>\n\n\n\n<p class=\"m-0\">BNP PARIBAS ARBITRAGE SNC<\/p>\n<\/div>\n\n\n\n<div class=\"wp-block-group is-layout-constrained wp-block-group-is-layout-constrained\">\n<p class=\"m-0 has-medium-font-size\"><strong>Antoine Pfister<\/strong><\/p>\n\n\n\n<p class=\"m-0\">HSBC CONTINENTAL EUROPE<\/p>\n<\/div>\n\n\n\n<div class=\"wp-block-group is-layout-constrained wp-block-group-is-layout-constrained\">\n<p class=\"m-0 has-medium-font-size\"><strong>Christophe Tadi\u00e9<\/strong><\/p>\n\n\n\n<p class=\"m-0\">ODDO BHF<\/p>\n<\/div>\n<\/div>\n<\/div>\n<\/div>\n<\/div>\n\n\n\n<p><\/p>\n","protected":false},"excerpt":{"rendered":"<p>The Board guides AMAFI\u2019s work and activities. The Association\u2019s decision-making [&hellip;]<\/p>\n","protected":false},"author":6,"featured_media":0,"parent":0,"menu_order":0,"comment_status":"closed","ping_status":"closed","template":"","meta":{"_acf_changed":false,"_searchwp_excluded":"","footnotes":""},"class_list":["post-1548","page","type-page","status-publish","hentry"],"acf":[],"_links":{"self":[{"href":"https:\/\/www.amafi.fr\/en\/wp-json\/wp\/v2\/pages\/1548","targetHints":{"allow":["GET"]}}],"collection":[{"href":"https:\/\/www.amafi.fr\/en\/wp-json\/wp\/v2\/pages"}],"about":[{"href":"https:\/\/www.amafi.fr\/en\/wp-json\/wp\/v2\/types\/page"}],"author":[{"embeddable":true,"href":"https:\/\/www.amafi.fr\/en\/wp-json\/wp\/v2\/users\/6"}],"replies":[{"embeddable":true,"href":"https:\/\/www.amafi.fr\/en\/wp-json\/wp\/v2\/comments?post=1548"}],"version-history":[{"count":4,"href":"https:\/\/www.amafi.fr\/en\/wp-json\/wp\/v2\/pages\/1548\/revisions"}],"predecessor-version":[{"id":20750,"href":"https:\/\/www.amafi.fr\/en\/wp-json\/wp\/v2\/pages\/1548\/revisions\/20750"}],"wp:attachment":[{"href":"https:\/\/www.amafi.fr\/en\/wp-json\/wp\/v2\/media?parent=1548"}],"curies":[{"name":"wp","href":"https:\/\/api.w.org\/{rel}","templated":true}]}}